{"id":10,"date":"2016-04-14T20:44:46","date_gmt":"2016-04-14T20:44:46","guid":{"rendered":"http:\/\/www.virtusetlabor.it\/?page_id=10"},"modified":"2025-01-22T19:50:37","modified_gmt":"2025-01-22T17:50:37","slug":"contatti","status":"publish","type":"page","link":"https:\/\/www.virtusetlabor.it\/index.php\/contatti\/","title":{"rendered":"Contatti"},"content":{"rendered":"<h2>A.S.D. Virtus et Labor<\/h2>\n<p>Piazzale delle Associazioni, 1<br \/>\n20077 &#8211; Melegnano &#8211; MI<br \/>\nCF e P. IVA: 11015750158<br \/>\nmail: info@virtusetlabor.it<br \/>\npec: virtusetlabor@pec.virtusetlabor.it<\/p>\n<h2>Invia un messaggio<\/h2>\n\n<div class=\"wpcf7 no-js\" id=\"wpcf7-f105-o1\" lang=\"it-IT\" dir=\"ltr\" data-wpcf7-id=\"105\">\n<div class=\"screen-reader-response\"><p role=\"status\" aria-live=\"polite\" aria-atomic=\"true\"><\/p> <ul><\/ul><\/div>\n<form action=\"\/index.php\/wp-json\/wp\/v2\/pages\/10#wpcf7-f105-o1\" method=\"post\" class=\"wpcf7-form init\" aria-label=\"Modulo di contatto\" novalidate=\"novalidate\" data-status=\"init\">\n<fieldset class=\"hidden-fields-container\"><input type=\"hidden\" name=\"_wpcf7\" value=\"105\" \/><input type=\"hidden\" name=\"_wpcf7_version\" value=\"6.1.5\" \/><input type=\"hidden\" name=\"_wpcf7_locale\" value=\"it_IT\" \/><input type=\"hidden\" name=\"_wpcf7_unit_tag\" value=\"wpcf7-f105-o1\" \/><input type=\"hidden\" name=\"_wpcf7_container_post\" value=\"0\" \/><input type=\"hidden\" name=\"_wpcf7_posted_data_hash\" value=\"\" \/>\n<\/fieldset>\n<p>Il tuo nome (richiesto)\n<\/p>\n<p><span class=\"wpcf7-form-control-wrap\" data-name=\"your-name\"><input size=\"40\" maxlength=\"400\" class=\"wpcf7-form-control wpcf7-text wpcf7-validates-as-required\" aria-required=\"true\" aria-invalid=\"false\" value=\"\" type=\"text\" name=\"your-name\" \/><\/span>\n<\/p>\n<p>La tua email (richiesto)\n<\/p>\n<p><span class=\"wpcf7-form-control-wrap\" data-name=\"your-email\"><input size=\"40\" maxlength=\"400\" class=\"wpcf7-form-control wpcf7-email wpcf7-validates-as-required wpcf7-text wpcf7-validates-as-email\" aria-required=\"true\" aria-invalid=\"false\" value=\"\" type=\"email\" name=\"your-email\" \/><\/span>\n<\/p>\n<p>Oggetto\n<\/p>\n<p><span class=\"wpcf7-form-control-wrap\" data-name=\"your-subject\"><input size=\"40\" maxlength=\"400\" class=\"wpcf7-form-control wpcf7-text\" aria-invalid=\"false\" value=\"\" type=\"text\" name=\"your-subject\" \/><\/span>\n<\/p>\n<p>Il tuo messaggio\n<\/p>\n<p><span class=\"wpcf7-form-control-wrap\" data-name=\"your-message\"><textarea cols=\"40\" rows=\"10\" maxlength=\"2000\" class=\"wpcf7-form-control wpcf7-textarea\" aria-invalid=\"false\" name=\"your-message\"><\/textarea><\/span>\n<\/p>\n<p>Domanda di verifica\n<\/p>\n<p><span class=\"wpcf7-form-control-wrap\" data-name=\"quiz-923\"><label><span class=\"wpcf7-quiz-label\">quanto fa 3*2<\/span> <input size=\"40\" class=\"wpcf7-form-control wpcf7-quiz\" autocomplete=\"off\" aria-required=\"true\" aria-invalid=\"false\" type=\"text\" name=\"quiz-923\" \/><\/label><input type=\"hidden\" name=\"_wpcf7_quiz_answer_quiz-923\" value=\"3a1eccc4aca12aace5e5a5f4717f3998\" \/><\/span>\n<\/p>\n<p><input class=\"wpcf7-form-control wpcf7-submit has-spinner\" type=\"submit\" value=\"Invia\" \/>\n<\/p><div class=\"wpcf7-response-output\" aria-hidden=\"true\"><\/div>\n<\/form>\n<\/div>\n\n<h3><a href=\"https:\/\/www.virtusetlabor.it\/index.php\/privacy-policy\/\">Leggi l&#8217;informativa sul trattamento dei dati<\/a><\/h3>\n","protected":false},"excerpt":{"rendered":"<p>A.S.D. Virtus et Labor Piazzale delle Associazioni, 1 20077 &#8211; Melegnano &#8211; MI CF e P. IVA: 11015750158 mail: info@virtusetlabor.it pec: virtusetlabor@pec.virtusetlabor.it Invia un messaggio Leggi l&#8217;informativa sul trattamento dei dati<\/p>\n","protected":false},"author":1,"featured_media":0,"parent":0,"menu_order":0,"comment_status":"closed","ping_status":"closed","template":"","meta":{"footnotes":""},"class_list":["post-10","page","type-page","status-publish","hentry"],"jetpack_sharing_enabled":true,"jetpack-related-posts":[{"id":3640,"url":"https:\/\/www.virtusetlabor.it\/index.php\/contatto-safeguarding-office\/","url_meta":{"origin":10,"position":0},"title":"Contatto SAFEGUARDING OFFICE","author":"virtusadmin","date":"Gennaio 22, 2025","format":false,"excerpt":"Responsabile per la prevenzione di abusi, violenze e discriminazioni dell\u2019Associazione \u00e8: ELISA ROSSETTO - safeguard@virtusetlabor.itTutti i tesserati sono tenuti ad essere attenti nell\u2019individuare situazioni che potrebbero rappresentare rischi per gli altri e devono segnalare ogni preoccupazione, sospetto o certezza riguardante possibili casi di abuso, maltrattamento, violenza o discriminazione in alternativa\u2026","rel":"","context":"Articolo simile","block_context":{"text":"Articolo simile","link":""},"img":{"alt_text":"","src":"","width":0,"height":0},"classes":[]},{"id":3123,"url":"https:\/\/www.virtusetlabor.it\/index.php\/contatti\/safeguarding-office\/","url_meta":{"origin":10,"position":1},"title":"Safeguarding Office","author":"virtusadmin","date":"Luglio 13, 2024","format":false,"excerpt":"Che cos'\u00e8 il Safeguarding Office? E'\u00a0nuovo organismo della federazione che si occupa di prevenire e contrastare ogni forma di abuso, violenza e discriminazione ai danni dei tesserati e delle tesserate federali. Il Safeguarding Office non \u00e8 un Organo di Giustizia, non \u00e8 un'articolazione della Procura Federale, non dipende dal Consiglio\u2026","rel":"","context":"Articolo simile","block_context":{"text":"Articolo simile","link":""},"img":{"alt_text":"","src":"https:\/\/i0.wp.com\/www.virtusetlabor.it\/wp-content\/uploads\/2024\/07\/SAFEGUARDING-FEDERAZIONE-scaled.jpg?resize=350%2C200&ssl=1","width":350,"height":200,"srcset":"https:\/\/i0.wp.com\/www.virtusetlabor.it\/wp-content\/uploads\/2024\/07\/SAFEGUARDING-FEDERAZIONE-scaled.jpg?resize=350%2C200&ssl=1 1x, https:\/\/i0.wp.com\/www.virtusetlabor.it\/wp-content\/uploads\/2024\/07\/SAFEGUARDING-FEDERAZIONE-scaled.jpg?resize=525%2C300&ssl=1 1.5x, https:\/\/i0.wp.com\/www.virtusetlabor.it\/wp-content\/uploads\/2024\/07\/SAFEGUARDING-FEDERAZIONE-scaled.jpg?resize=700%2C400&ssl=1 2x, https:\/\/i0.wp.com\/www.virtusetlabor.it\/wp-content\/uploads\/2024\/07\/SAFEGUARDING-FEDERAZIONE-scaled.jpg?resize=1050%2C600&ssl=1 3x, https:\/\/i0.wp.com\/www.virtusetlabor.it\/wp-content\/uploads\/2024\/07\/SAFEGUARDING-FEDERAZIONE-scaled.jpg?resize=1400%2C800&ssl=1 4x"},"classes":[]},{"id":79,"url":"https:\/\/www.virtusetlabor.it\/index.php\/infocorsi\/","url_meta":{"origin":10,"position":2},"title":"Info Corsi","author":"virtusadmin","date":"Aprile 20, 2016","format":false,"excerpt":"BABY GYM Et\u00e0: 3-4 anni Descrizione: Corso ludico-motorio per lo sviluppo delle abilit\u00e0 di base: corsa, salto, rotolamenti, equilibrio e coordinazione oculo-manuale. Attivit\u00e0 con attrezzi della ginnastica artistica (trave, trampolino, tappetini, ecc.). Importante la relazione con coetanei e adulti in un ambiente giocoso e strutturato. Note: Corso a numero chiuso.\u2026","rel":"","context":"Articolo simile","block_context":{"text":"Articolo simile","link":""},"img":{"alt_text":"Info Corsi","src":"https:\/\/i0.wp.com\/www.virtusetlabor.it\/wp-content\/uploads\/2025\/09\/1-e1756724443130.jpg?fit=650%2C919&ssl=1&resize=350%2C200","width":350,"height":200,"srcset":"https:\/\/i0.wp.com\/www.virtusetlabor.it\/wp-content\/uploads\/2025\/09\/1-e1756724443130.jpg?fit=650%2C919&ssl=1&resize=350%2C200 1x, https:\/\/i0.wp.com\/www.virtusetlabor.it\/wp-content\/uploads\/2025\/09\/1-e1756724443130.jpg?fit=650%2C919&ssl=1&resize=525%2C300 1.5x"},"classes":[]},{"id":2351,"url":"https:\/\/www.virtusetlabor.it\/index.php\/shop-2\/","url_meta":{"origin":10,"position":3},"title":"E-commerce abbigliamento societario","author":"virtusadmin","date":"Luglio 14, 2019","format":false,"excerpt":"E' disponibile il nuovo portale per l\u2019acquisto del materiale sportivo. Ecco tutte le indicazioni per accedere e completare i tuoi ordini. LINK AL NUOVO PORTALE:\u00a0 https:\/\/shorturl.at\/F3h3J - Per utenti gi\u00e0 registrati nel vecchio portale Accedi al nuovo portale Clicca su \u201cPASSWORD DIMENTICATA\u201d. Inserisci il tuo utente utilizzato nel vecchio portale.\u2026","rel":"","context":"Articolo simile","block_context":{"text":"Articolo simile","link":""},"img":{"alt_text":"","src":"https:\/\/i0.wp.com\/www.virtusetlabor.it\/wp-content\/uploads\/2025\/03\/1-e1748014178427.jpg?resize=350%2C200&ssl=1","width":350,"height":200,"srcset":"https:\/\/i0.wp.com\/www.virtusetlabor.it\/wp-content\/uploads\/2025\/03\/1-e1748014178427.jpg?resize=350%2C200&ssl=1 1x, https:\/\/i0.wp.com\/www.virtusetlabor.it\/wp-content\/uploads\/2025\/03\/1-e1748014178427.jpg?resize=525%2C300&ssl=1 1.5x"},"classes":[]},{"id":3582,"url":"https:\/\/www.virtusetlabor.it\/index.php\/galleria\/festa-di-natale-2024-supereroi\/","url_meta":{"origin":10,"position":4},"title":"Festa di Natale 2024 &#8211; &#8220;Super eroi&#8221;","author":"virtusadmin","date":"Dicembre 28, 2024","format":false,"excerpt":"Festa di Natale 2024 \u201cSuper Eroi\u201d Grazie a tutti per aver partecipato alla nostra Festa di Natale! Un enorme ringraziamento a tutti gli atleti, gli allenatori, i genitori e gli organizzatori che hanno reso possibile questa giornata speciale. Vedere il vostro impegno, il vostro entusiasmo e la vostra passione \u00e8\u2026","rel":"","context":"Articolo simile","block_context":{"text":"Articolo simile","link":""},"img":{"alt_text":"","src":"https:\/\/i0.wp.com\/www.virtusetlabor.it\/wp-content\/uploads\/2024\/11\/Copia-di-Natale-Virtus-1-_final-scaled-e1732982820904.jpg?fit=400%2C566&ssl=1&resize=350%2C200","width":350,"height":200},"classes":[]},{"id":48,"url":"https:\/\/www.virtusetlabor.it\/index.php\/foto-storiche\/","url_meta":{"origin":10,"position":5},"title":"Foto storiche","author":"virtusadmin","date":"Aprile 20, 2016","format":false,"excerpt":"","rel":"","context":"Articolo simile","block_context":{"text":"Articolo simile","link":""},"img":{"alt_text":"Foto storica 1","src":"https:\/\/i0.wp.com\/www.virtusetlabor.it\/wp-content\/uploads\/2016\/04\/Foto-storica-1-300x191.jpg?resize=350%2C200","width":350,"height":200},"classes":[]}],"_links":{"self":[{"href":"https:\/\/www.virtusetlabor.it\/index.php\/wp-json\/wp\/v2\/pages\/10","targetHints":{"allow":["GET"]}}],"collection":[{"href":"https:\/\/www.virtusetlabor.it\/index.php\/wp-json\/wp\/v2\/pages"}],"about":[{"href":"https:\/\/www.virtusetlabor.it\/index.php\/wp-json\/wp\/v2\/types\/page"}],"author":[{"embeddable":true,"href":"https:\/\/www.virtusetlabor.it\/index.php\/wp-json\/wp\/v2\/users\/1"}],"replies":[{"embeddable":true,"href":"https:\/\/www.virtusetlabor.it\/index.php\/wp-json\/wp\/v2\/comments?post=10"}],"version-history":[{"count":11,"href":"https:\/\/www.virtusetlabor.it\/index.php\/wp-json\/wp\/v2\/pages\/10\/revisions"}],"predecessor-version":[{"id":3643,"href":"https:\/\/www.virtusetlabor.it\/index.php\/wp-json\/wp\/v2\/pages\/10\/revisions\/3643"}],"wp:attachment":[{"href":"https:\/\/www.virtusetlabor.it\/index.php\/wp-json\/wp\/v2\/media?parent=10"}],"curies":[{"name":"wp","href":"https:\/\/api.w.org\/{rel}","templated":true}]}}